{"id":22835,"date":"2023-09-08T11:30:53","date_gmt":"2023-09-08T11:30:53","guid":{"rendered":"https:\/\/security.gvision.be\/?page_id=22835"},"modified":"2026-04-15T03:43:51","modified_gmt":"2026-04-15T03:43:51","slug":"interphone-entreprise","status":"publish","type":"page","link":"https:\/\/security.gvision.be\/en\/services-fr\/interphone-entreprise\/","title":{"rendered":"Interphone \u2013 Entreprise"},"content":{"rendered":"<div data-elementor-type=\"wp-page\" data-elementor-id=\"22835\" class=\"elementor elementor-22835\" data-elementor-post-type=\"page\">\n\t\t\t\t<div class=\"elementor-element elementor-element-82c0744 e-flex e-con-boxed e-con e-parent\" data-id=\"82c0744\" data-element_type=\"container\" data-e-type=\"container\" data-settings=\"{&quot;background_background&quot;:&quot;classic&quot;}\">\n\t\t\t\t\t<div class=\"e-con-inner\">\n\t\t\t\t<div class=\"elementor-element elementor-element-4dfc33e elementor-widget elementor-widget-heading\" data-id=\"4dfc33e\" data-element_type=\"widget\" data-e-type=\"widget\" data-widget_type=\"heading.default\">\n\t\t\t\t<div class=\"elementor-widget-container\">\n\t\t\t\t\t<h1 class=\"elementor-heading-title elementor-size-default\">Intercom \/ Door Phone Systems\n<\/h1>\t\t\t\t<\/div>\n\t\t\t\t<\/div>\n\t\t\t\t<div class=\"elementor-element elementor-element-b194160 elementor-widget elementor-widget-text-editor\" data-id=\"b194160\" data-element_type=\"widget\" data-e-type=\"widget\" data-widget_type=\"text-editor.default\">\n\t\t\t\t<div class=\"elementor-widget-container\">\n\t\t\t\t\t\t\t\t\tWelcome to GVISION, your gateway to advanced intercom solutions that connect people, spaces, and possibilities. As an experienced company in the intercom industry, we are committed to delivering seamless communication experiences that bridge distances and enhance security in an increasingly connected world.\n\t\t\t\t\t\t\t\t<\/div>\n\t\t\t\t<\/div>\n\t\t\t\t\t<\/div>\n\t\t\t\t<\/div>\n\t\t<div class=\"elementor-element elementor-element-0124038 e-flex e-con-boxed e-con e-parent\" data-id=\"0124038\" data-element_type=\"container\" data-e-type=\"container\" data-settings=\"{&quot;background_background&quot;:&quot;classic&quot;}\">\n\t\t\t\t\t<div class=\"e-con-inner\">\n\t\t\t\t<div class=\"elementor-element elementor-element-0ed4e26 elementor-nav-menu__align-center elementor-nav-menu--dropdown-none elementor-widget elementor-widget-nav-menu\" data-id=\"0ed4e26\" data-element_type=\"widget\" data-e-type=\"widget\" data-settings=\"{&quot;layout&quot;:&quot;horizontal&quot;,&quot;submenu_icon&quot;:{&quot;value&quot;:&quot;&lt;i class=\\&quot;fas fa-caret-down\\&quot; aria-hidden=\\&quot;true\\&quot;&gt;&lt;\\\/i&gt;&quot;,&quot;library&quot;:&quot;fa-solid&quot;}}\" data-widget_type=\"nav-menu.default\">\n\t\t\t\t<div class=\"elementor-widget-container\">\n\t\t\t\t\t\t\t\t<nav aria-label=\"Menu\" class=\"elementor-nav-menu--main elementor-nav-menu__container elementor-nav-menu--layout-horizontal e--pointer-underline e--animation-drop-in\">\n\t\t\t\t<ul id=\"menu-1-0ed4e26\" class=\"elementor-nav-menu\"><li class=\"menu-item menu-item-type-post_type menu-item-object-page menu-item-22841\"><a href=\"https:\/\/security.gvision.be\/en\/services-fr\/camera-securite-entreprise\/\" class=\"elementor-item\">Security cameras<\/a><\/li>\n<li class=\"menu-item menu-item-type-post_type menu-item-object-page menu-item-22843\"><a href=\"https:\/\/security.gvision.be\/en\/services-fr\/detection-incendie-entreprise\/\" class=\"elementor-item\">Fire detection<\/a><\/li>\n<li class=\"menu-item menu-item-type-post_type menu-item-object-page menu-item-22844\"><a href=\"https:\/\/security.gvision.be\/en\/services-fr\/alarme-entreprise\/\" class=\"elementor-item\">Alarm<\/a><\/li>\n<li class=\"menu-item menu-item-type-post_type menu-item-object-page menu-item-22869\"><a href=\"https:\/\/security.gvision.be\/en\/services\/access-control-business\/\" class=\"elementor-item\">Access Control<\/a><\/li>\n<li class=\"menu-item menu-item-type-post_type menu-item-object-page menu-item-22842\"><a href=\"https:\/\/security.gvision.be\/en\/services-fr\/interphone-entreprise\/\" class=\"elementor-item\">Intercom<\/a><\/li>\n<\/ul>\t\t\t<\/nav>\n\t\t\t\t\t\t<nav class=\"elementor-nav-menu--dropdown elementor-nav-menu__container\" aria-hidden=\"true\">\n\t\t\t\t<ul id=\"menu-2-0ed4e26\" class=\"elementor-nav-menu\"><li class=\"menu-item menu-item-type-post_type menu-item-object-page menu-item-22841\"><a href=\"https:\/\/security.gvision.be\/en\/services-fr\/camera-securite-entreprise\/\" class=\"elementor-item\" tabindex=\"-1\">Security cameras<\/a><\/li>\n<li class=\"menu-item menu-item-type-post_type menu-item-object-page menu-item-22843\"><a href=\"https:\/\/security.gvision.be\/en\/services-fr\/detection-incendie-entreprise\/\" class=\"elementor-item\" tabindex=\"-1\">Fire detection<\/a><\/li>\n<li class=\"menu-item menu-item-type-post_type menu-item-object-page menu-item-22844\"><a href=\"https:\/\/security.gvision.be\/en\/services-fr\/alarme-entreprise\/\" class=\"elementor-item\" tabindex=\"-1\">Alarm<\/a><\/li>\n<li class=\"menu-item menu-item-type-post_type menu-item-object-page menu-item-22869\"><a href=\"https:\/\/security.gvision.be\/en\/services\/access-control-business\/\" class=\"elementor-item\" tabindex=\"-1\">Access Control<\/a><\/li>\n<li class=\"menu-item menu-item-type-post_type menu-item-object-page menu-item-22842\"><a href=\"https:\/\/security.gvision.be\/en\/services-fr\/interphone-entreprise\/\" class=\"elementor-item\" tabindex=\"-1\">Intercom<\/a><\/li>\n<\/ul>\t\t\t<\/nav>\n\t\t\t\t\t\t<\/div>\n\t\t\t\t<\/div>\n\t\t\t\t\t<\/div>\n\t\t\t\t<\/div>\n\t\t<div class=\"elementor-element elementor-element-96e139a e-flex e-con-boxed e-con e-parent\" data-id=\"96e139a\" data-element_type=\"container\" data-e-type=\"container\">\n\t\t\t\t\t<div class=\"e-con-inner\">\n\t\t<div class=\"elementor-element elementor-element-59e30b3 e-con-full e-flex e-con e-parent\" data-id=\"59e30b3\" data-element_type=\"container\" data-e-type=\"container\">\n\t\t<div class=\"elementor-element elementor-element-a04c728 e-con-full e-flex e-con e-parent\" data-id=\"a04c728\" data-element_type=\"container\" data-e-type=\"container\">\n\t\t\t\t<div class=\"elementor-element elementor-element-4922c09 elementor-widget elementor-widget-text-editor\" data-id=\"4922c09\" data-element_type=\"widget\" data-e-type=\"widget\" data-widget_type=\"text-editor.default\">\n\t\t\t\t<div class=\"elementor-widget-container\">\n\t\t\t\t\t\t\t\t\tOur extensive range of intercom products and services serves various sectors, from residential complexes to commercial buildings, as well as healthcare facilities, educational institutions, and beyond. We understand that effective communication is the backbone of efficient operations and security, and we take pride in providing tailored intercom solutions that meet your unique needs. At GVISION, we offer a wide range of intercom technologies, including video intercom systems, IP-based communication solutions, access control integration, and smart home intercoms. These systems not only enable real-time audio and video communication but also provide features such as remote access, visitor management, and integration with other security and automation systems.\n\t\t\t\t\t\t\t\t<\/div>\n\t\t\t\t<\/div>\n\t\t\t\t<\/div>\n\t\t<div class=\"elementor-element elementor-element-6743a0a e-con-full e-flex e-con e-parent\" data-id=\"6743a0a\" data-element_type=\"container\" data-e-type=\"container\" data-settings=\"{&quot;background_background&quot;:&quot;classic&quot;}\">\n\t\t\t\t<div class=\"elementor-element elementor-element-c0dd4ac elementor-widget elementor-widget-spacer\" data-id=\"c0dd4ac\" data-element_type=\"widget\" data-e-type=\"widget\" data-widget_type=\"spacer.default\">\n\t\t\t\t<div class=\"elementor-widget-container\">\n\t\t\t\t\t\t\t<div class=\"elementor-spacer\">\n\t\t\t<div class=\"elementor-spacer-inner\"><\/div>\n\t\t<\/div>\n\t\t\t\t\t\t<\/div>\n\t\t\t\t<\/div>\n\t\t\t\t<\/div>\n\t\t\t\t<\/div>\n\t\t<div class=\"elementor-element elementor-element-144807e e-con-full e-flex e-con e-parent\" data-id=\"144807e\" data-element_type=\"container\" data-e-type=\"container\">\n\t\t<div class=\"elementor-element elementor-element-d12f5dd e-con-full e-flex e-con e-parent\" data-id=\"d12f5dd\" data-element_type=\"container\" data-e-type=\"container\" data-settings=\"{&quot;background_background&quot;:&quot;classic&quot;}\">\n\t\t\t\t<div class=\"elementor-element elementor-element-ee344b1 elementor-widget elementor-widget-spacer\" data-id=\"ee344b1\" data-element_type=\"widget\" data-e-type=\"widget\" data-widget_type=\"spacer.default\">\n\t\t\t\t<div class=\"elementor-widget-container\">\n\t\t\t\t\t\t\t<div class=\"elementor-spacer\">\n\t\t\t<div class=\"elementor-spacer-inner\"><\/div>\n\t\t<\/div>\n\t\t\t\t\t\t<\/div>\n\t\t\t\t<\/div>\n\t\t\t\t<\/div>\n\t\t<div class=\"elementor-element elementor-element-05be892 e-con-full e-flex e-con e-parent\" data-id=\"05be892\" data-element_type=\"container\" data-e-type=\"container\">\n\t\t\t\t<div class=\"elementor-element elementor-element-6bdabac elementor-widget elementor-widget-text-editor\" data-id=\"6bdabac\" data-element_type=\"widget\" data-e-type=\"widget\" data-widget_type=\"text-editor.default\">\n\t\t\t\t<div class=\"elementor-widget-container\">\n\t\t\t\t\t\t\t\t\tOur highly skilled team works closely with clients to design, install, and maintain intercom systems that align with their specific needs and operational goals. We take a proactive approach to technology, ensuring that our solutions not only meet your immediate requirements but also evolve to keep up with the changing demands of modern communication.\n\nIn addition to installation and customization, GVISION provides ongoing support, maintenance, and system monitoring services to ensure the continued functionality and efficiency of your intercom system.\n\nCommunication is the cornerstone of connection and security. With GVISION as your intercom partner, you choose a company committed to revolutionizing communication experiences while strengthening security measures. Whether you need to manage visitors, facilitate internal communication, or enhance access control, we have the expertise and solutions to transform the way you interact with and protect your spaces.\n\nDiscover the future of communication with GVISION.\t\t\t\t\t\t\t\t<\/div>\n\t\t\t\t<\/div>\n\t\t\t\t<\/div>\n\t\t\t\t<\/div>\n\t\t\t\t\t<\/div>\n\t\t\t\t<\/div>\n\t\t\t\t<\/div>","protected":false},"excerpt":{"rendered":"<p>Parlophone \/ Intercom Bienvenue chez GVISION, votre passerelle vers des solutions d&rsquo;interphone avanc\u00e9es qui connectent les personnes, les espaces et les possibilit\u00e9s. En tant qu&rsquo;entreprise exp\u00e9riment\u00e9e dans l&rsquo;industrie de l&rsquo;interphone, nous nous engageons \u00e0 fournir des exp\u00e9riences de communication fluides qui comblent les distances et renforcent la s\u00e9curit\u00e9 dans un monde de plus en plus<\/p>","protected":false},"author":1,"featured_media":0,"parent":22857,"menu_order":0,"comment_status":"closed","ping_status":"closed","template":"elementor_header_footer","meta":{"footnotes":""},"class_list":["post-22835","page","type-page","status-publish","hentry"],"yoast_head":"<!-- This site is optimized with the Yoast SEO plugin v27.4 - https:\/\/yoast.com\/product\/yoast-seo-wordpress\/ -->\n<title>Interphone \u2013 Entreprise - GVISION<\/title>\n<meta name=\"robots\" content=\"index, follow, max-snippet:-1, max-image-preview:large, max-video-preview:-1\" \/>\n<link rel=\"canonical\" href=\"https:\/\/security.gvision.be\/en\/services-fr\/interphone-entreprise\/\" \/>\n<meta property=\"og:locale\" content=\"en_GB\" \/>\n<meta property=\"og:type\" content=\"article\" \/>\n<meta property=\"og:title\" content=\"Interphone \u2013 Entreprise - GVISION\" \/>\n<meta property=\"og:description\" content=\"Parlophone \/ Intercom Bienvenue chez GVISION, votre passerelle vers des solutions d&rsquo;interphone avanc\u00e9es qui connectent les personnes, les espaces et les possibilit\u00e9s. En tant qu&rsquo;entreprise exp\u00e9riment\u00e9e dans l&rsquo;industrie de l&rsquo;interphone, nous nous engageons \u00e0 fournir des exp\u00e9riences de communication fluides qui comblent les distances et renforcent la s\u00e9curit\u00e9 dans un monde de plus en plus\" \/>\n<meta property=\"og:url\" content=\"https:\/\/security.gvision.be\/en\/services-fr\/interphone-entreprise\/\" \/>\n<meta property=\"og:site_name\" content=\"GVISION\" \/>\n<meta property=\"article:modified_time\" content=\"2026-04-15T03:43:51+00:00\" \/>\n<meta name=\"twitter:card\" content=\"summary_large_image\" \/>\n<meta name=\"twitter:label1\" content=\"Estimated reading time\" \/>\n\t<meta name=\"twitter:data1\" content=\"2 minutes\" \/>\n<script type=\"application\/ld+json\" class=\"yoast-schema-graph\">{\"@context\":\"https:\\\/\\\/schema.org\",\"@graph\":[{\"@type\":\"WebPage\",\"@id\":\"https:\\\/\\\/security.gvision.be\\\/services-fr\\\/interphone-entreprise\\\/\",\"url\":\"https:\\\/\\\/security.gvision.be\\\/services-fr\\\/interphone-entreprise\\\/\",\"name\":\"Interphone \u2013 Entreprise - GVISION\",\"isPartOf\":{\"@id\":\"http:\\\/\\\/security.gvision.be\\\/en\\\/#website\"},\"datePublished\":\"2023-09-08T11:30:53+00:00\",\"dateModified\":\"2026-04-15T03:43:51+00:00\",\"breadcrumb\":{\"@id\":\"https:\\\/\\\/security.gvision.be\\\/services-fr\\\/interphone-entreprise\\\/#breadcrumb\"},\"inLanguage\":\"en-GB\",\"potentialAction\":[{\"@type\":\"ReadAction\",\"target\":[\"https:\\\/\\\/security.gvision.be\\\/services-fr\\\/interphone-entreprise\\\/\"]}]},{\"@type\":\"BreadcrumbList\",\"@id\":\"https:\\\/\\\/security.gvision.be\\\/services-fr\\\/interphone-entreprise\\\/#breadcrumb\",\"itemListElement\":[{\"@type\":\"ListItem\",\"position\":1,\"name\":\"Home\",\"item\":\"https:\\\/\\\/security.gvision.be\\\/\"},{\"@type\":\"ListItem\",\"position\":2,\"name\":\"Services French\",\"item\":\"https:\\\/\\\/security.gvision.be\\\/en\\\/services-fr\\\/\"},{\"@type\":\"ListItem\",\"position\":3,\"name\":\"Interphone \u2013 Entreprise\"}]},{\"@type\":\"WebSite\",\"@id\":\"http:\\\/\\\/security.gvision.be\\\/en\\\/#website\",\"url\":\"http:\\\/\\\/security.gvision.be\\\/en\\\/\",\"name\":\"GVISION\",\"description\":\"Your IT Partner\",\"publisher\":{\"@id\":\"http:\\\/\\\/security.gvision.be\\\/en\\\/#organization\"},\"potentialAction\":[{\"@type\":\"SearchAction\",\"target\":{\"@type\":\"EntryPoint\",\"urlTemplate\":\"http:\\\/\\\/security.gvision.be\\\/en\\\/?s={search_term_string}\"},\"query-input\":{\"@type\":\"PropertyValueSpecification\",\"valueRequired\":true,\"valueName\":\"search_term_string\"}}],\"inLanguage\":\"en-GB\"},{\"@type\":\"Organization\",\"@id\":\"http:\\\/\\\/security.gvision.be\\\/en\\\/#organization\",\"name\":\"GVISION\",\"url\":\"http:\\\/\\\/security.gvision.be\\\/en\\\/\",\"logo\":{\"@type\":\"ImageObject\",\"inLanguage\":\"en-GB\",\"@id\":\"http:\\\/\\\/security.gvision.be\\\/en\\\/#\\\/schema\\\/logo\\\/image\\\/\",\"url\":\"http:\\\/\\\/security.gvision.be\\\/wp-content\\\/uploads\\\/2023\\\/09\\\/cropped-site-logo.png\",\"contentUrl\":\"http:\\\/\\\/security.gvision.be\\\/wp-content\\\/uploads\\\/2023\\\/09\\\/cropped-site-logo.png\",\"width\":512,\"height\":512,\"caption\":\"GVISION\"},\"image\":{\"@id\":\"http:\\\/\\\/security.gvision.be\\\/en\\\/#\\\/schema\\\/logo\\\/image\\\/\"}}]}<\/script>\n<!-- \/ Yoast SEO plugin. -->","yoast_head_json":{"title":"Interphone \u2013 Entreprise - GVISION","robots":{"index":"index","follow":"follow","max-snippet":"max-snippet:-1","max-image-preview":"max-image-preview:large","max-video-preview":"max-video-preview:-1"},"canonical":"https:\/\/security.gvision.be\/en\/services-fr\/interphone-entreprise\/","og_locale":"en_GB","og_type":"article","og_title":"Interphone \u2013 Entreprise - GVISION","og_description":"Parlophone \/ Intercom Bienvenue chez GVISION, votre passerelle vers des solutions d&rsquo;interphone avanc\u00e9es qui connectent les personnes, les espaces et les possibilit\u00e9s. En tant qu&rsquo;entreprise exp\u00e9riment\u00e9e dans l&rsquo;industrie de l&rsquo;interphone, nous nous engageons \u00e0 fournir des exp\u00e9riences de communication fluides qui comblent les distances et renforcent la s\u00e9curit\u00e9 dans un monde de plus en plus","og_url":"https:\/\/security.gvision.be\/en\/services-fr\/interphone-entreprise\/","og_site_name":"GVISION","article_modified_time":"2026-04-15T03:43:51+00:00","twitter_card":"summary_large_image","twitter_misc":{"Estimated reading time":"2 minutes"},"schema":{"@context":"https:\/\/schema.org","@graph":[{"@type":"WebPage","@id":"https:\/\/security.gvision.be\/services-fr\/interphone-entreprise\/","url":"https:\/\/security.gvision.be\/services-fr\/interphone-entreprise\/","name":"Interphone \u2013 Entreprise - GVISION","isPartOf":{"@id":"http:\/\/security.gvision.be\/en\/#website"},"datePublished":"2023-09-08T11:30:53+00:00","dateModified":"2026-04-15T03:43:51+00:00","breadcrumb":{"@id":"https:\/\/security.gvision.be\/services-fr\/interphone-entreprise\/#breadcrumb"},"inLanguage":"en-GB","potentialAction":[{"@type":"ReadAction","target":["https:\/\/security.gvision.be\/services-fr\/interphone-entreprise\/"]}]},{"@type":"BreadcrumbList","@id":"https:\/\/security.gvision.be\/services-fr\/interphone-entreprise\/#breadcrumb","itemListElement":[{"@type":"ListItem","position":1,"name":"Home","item":"https:\/\/security.gvision.be\/"},{"@type":"ListItem","position":2,"name":"Services French","item":"https:\/\/security.gvision.be\/en\/services-fr\/"},{"@type":"ListItem","position":3,"name":"Interphone \u2013 Entreprise"}]},{"@type":"WebSite","@id":"http:\/\/security.gvision.be\/en\/#website","url":"http:\/\/security.gvision.be\/en\/","name":"GVISION","description":"Your IT Partner","publisher":{"@id":"http:\/\/security.gvision.be\/en\/#organization"},"potentialAction":[{"@type":"SearchAction","target":{"@type":"EntryPoint","urlTemplate":"http:\/\/security.gvision.be\/en\/?s={search_term_string}"},"query-input":{"@type":"PropertyValueSpecification","valueRequired":true,"valueName":"search_term_string"}}],"inLanguage":"en-GB"},{"@type":"Organization","@id":"http:\/\/security.gvision.be\/en\/#organization","name":"GVISION","url":"http:\/\/security.gvision.be\/en\/","logo":{"@type":"ImageObject","inLanguage":"en-GB","@id":"http:\/\/security.gvision.be\/en\/#\/schema\/logo\/image\/","url":"http:\/\/security.gvision.be\/wp-content\/uploads\/2023\/09\/cropped-site-logo.png","contentUrl":"http:\/\/security.gvision.be\/wp-content\/uploads\/2023\/09\/cropped-site-logo.png","width":512,"height":512,"caption":"GVISION"},"image":{"@id":"http:\/\/security.gvision.be\/en\/#\/schema\/logo\/image\/"}}]}},"_links":{"self":[{"href":"https:\/\/security.gvision.be\/en\/wp-json\/wp\/v2\/pages\/22835","targetHints":{"allow":["GET"]}}],"collection":[{"href":"https:\/\/security.gvision.be\/en\/wp-json\/wp\/v2\/pages"}],"about":[{"href":"https:\/\/security.gvision.be\/en\/wp-json\/wp\/v2\/types\/page"}],"author":[{"embeddable":true,"href":"https:\/\/security.gvision.be\/en\/wp-json\/wp\/v2\/users\/1"}],"replies":[{"embeddable":true,"href":"https:\/\/security.gvision.be\/en\/wp-json\/wp\/v2\/comments?post=22835"}],"version-history":[{"count":5,"href":"https:\/\/security.gvision.be\/en\/wp-json\/wp\/v2\/pages\/22835\/revisions"}],"predecessor-version":[{"id":23215,"href":"https:\/\/security.gvision.be\/en\/wp-json\/wp\/v2\/pages\/22835\/revisions\/23215"}],"up":[{"embeddable":true,"href":"https:\/\/security.gvision.be\/en\/wp-json\/wp\/v2\/pages\/22857"}],"wp:attachment":[{"href":"https:\/\/security.gvision.be\/en\/wp-json\/wp\/v2\/media?parent=22835"}],"curies":[{"name":"wp","href":"https:\/\/api.w.org\/{rel}","templated":true}]}}