{"id":3,"date":"2023-07-31T12:07:24","date_gmt":"2023-07-31T12:07:24","guid":{"rendered":"https:\/\/security.gvision.be\/?page_id=3"},"modified":"2026-04-15T15:33:02","modified_gmt":"2026-04-15T15:33:02","slug":"politique-confiddentialite","status":"publish","type":"page","link":"https:\/\/security.gvision.be\/en\/politique-confiddentialite\/","title":{"rendered":"Privacy Policy"},"content":{"rendered":"<div data-elementor-type=\"wp-page\" data-elementor-id=\"3\" class=\"elementor elementor-3\" data-elementor-post-type=\"page\">\n\t\t\t\t<div class=\"elementor-element elementor-element-6e2d6fa0 e-flex e-con-boxed e-con e-parent\" data-id=\"6e2d6fa0\" data-element_type=\"container\" data-e-type=\"container\">\n\t\t\t\t\t<div class=\"e-con-inner\">\n\t\t\t\t<div class=\"elementor-element elementor-element-20770ae9 elementor-widget elementor-widget-text-editor\" data-id=\"20770ae9\" data-element_type=\"widget\" data-e-type=\"widget\" data-widget_type=\"text-editor.default\">\n\t\t\t\t<div class=\"elementor-widget-container\">\n\t\t\t\t\t\t\t\t\t\n<h2 class=\"wp-block-heading\" data-section-id=\"69x8q0\" data-start=\"0\" data-end=\"20\">About Us<\/h2>\n<p data-start=\"21\" data-end=\"95\" class=\"translation-block\">Suggested text: The address of our website is: <a href=\"https:\/\/security.gvision.be\/en\/\" target=\"_blank\" rel=\"noopener\">https:\/\/security.gvision.be<\/a>.<\/p>\n<hr data-start=\"97\" data-end=\"100\" \/>\n<h2 data-section-id=\"1i2brwa\" data-start=\"102\" data-end=\"119\">Comments<\/h2>\n<p data-start=\"120\" data-end=\"397\">Suggested text: When visitors leave comments on the site, we collect the data shown in the comments form, as well as the visitor\u2019s IP address and browser user agent string to help detect spam.<\/p>\n<p data-start=\"399\" data-end=\"782\" class=\"translation-block\">Suggested text: An anonymized string created from your email address (also called a hash) may be provided to the Gravatar service to check if you are using it. The Gravatar privacy policy is available here: <a href=\"https:\/\/automattic.com\/privacy\/\" target=\"_blank\" rel=\"noopener\">https:\/\/automattic.com\/privacy\/<\/a>. After approval of your comment, your profile picture is visible to the public in the context of your comment.<\/p>\n<hr data-start=\"784\" data-end=\"787\" \/>\n<h2 data-section-id=\"1gbgk0u\" data-start=\"789\" data-end=\"800\">Media<\/h2>\n<p data-start=\"801\" data-end=\"1049\">Suggested text: If you upload images to the website, you should avoid including embedded location data (EXIF GPS). Visitors to the site can download and extract location data from images published on the website.<\/p>\n<hr data-start=\"1051\" data-end=\"1054\" \/>\n<h2 data-section-id=\"maq2b6\" data-start=\"1056\" data-end=\"1068\">Cookies<\/h2>\n<p data-start=\"1069\" data-end=\"1394\">Suggested text: If you leave a comment on our site, you may opt in to saving your name, email address, and website in cookies. These are for your convenience so that you do not have to re-enter your details when you leave another comment. These cookies will last for one year.<\/p>\n<p data-start=\"1396\" data-end=\"1619\">If you visit our login page, a temporary cookie will be set to check whether your browser accepts cookies. This cookie contains no personal data and is deleted when you close your browser.<\/p>\n<p data-start=\"1621\" data-end=\"2006\">When you log in, several cookies will be set to save your login information and screen display preferences. Login cookies last for two days, and screen options cookies last for one year. If you select \u201cRemember Me\u201d, your login will be kept for two weeks. If you log out, the login cookies will be removed.<\/p>\n<p data-start=\"2008\" data-end=\"2254\">If you edit or publish an article, an additional cookie will be saved in your browser. This cookie contains no personal data and simply indicates the post ID of the article you just edited. It expires after one day.<\/p>\n<hr data-start=\"2256\" data-end=\"2259\" \/>\n<h2 data-section-id=\"u276fo\" data-start=\"2261\" data-end=\"2303\">Embedded content from other websites<\/h2>\n<p data-start=\"2304\" data-end=\"2555\">Suggested text: Articles on this site may include embedded content (e.g. videos, images, articles, etc.). Embedded content from other websites behaves in the exact same way as if the visitor had visited those other websites.<\/p>\n<p data-start=\"2557\" data-end=\"2793\">These websites may collect data about you, use cookies, embed third-party tracking tools, and monitor your interactions with that embedded content, including if you have an account and are logged in to those websites.<\/p>\n<hr data-start=\"2795\" data-end=\"2798\" \/>\n<h2 data-section-id=\"1ldhx0u\" data-start=\"2800\" data-end=\"2827\">Sharing your data<\/h2>\n<p data-start=\"2828\" data-end=\"2963\">If you request a password reset, your IP address will be included in the reset email.<\/p>\n<hr data-start=\"2965\" data-end=\"2968\" \/>\n<h2 data-section-id=\"1kmwm1\" data-start=\"2970\" data-end=\"3011\">Data retention period<\/h2>\n<p data-start=\"3012\" data-end=\"3243\">If you leave a comment, the comment and its metadata are retained indefinitely. This is so we can recognize and automatically approve any follow-up comments instead of holding them in a moderation queue.<\/p>\n<p data-start=\"3245\" data-end=\"3615\">For users that register on our website (if any), we also store the personal information they provide in their user profile. All users can see, edit, or delete their personal information at any time (except they cannot change their username). Website administrators can also see and edit that information.<\/p>\n<hr data-start=\"3617\" data-end=\"3620\" \/>\n<h2 data-section-id=\"16q576a\" data-start=\"3622\" data-end=\"3653\">Your rights over your data<\/h2>\n<p data-start=\"3654\" data-end=\"4102\">If you have an account on this site or have left comments, you can request to receive an exported file of the personal data we hold about you, including any data you have provided to us. You can also request that we delete your personal data. This does not include any data we are required to keep for administrative, legal, or security purposes.<\/p>\n<hr data-start=\"4104\" data-end=\"4107\" \/>\n<h2 data-section-id=\"1suixb3\" data-start=\"4109\" data-end=\"4142\">Where your data is sent<\/h2>\n<p data-start=\"4143\" data-end=\"4268\" data-is-last-node=\"\" data-is-only-node=\"\">Visitor comments may be checked through an automated spam detection service.<\/p>\n\t\t\t\t\t\t\t\t<\/div>\n\t\t\t\t<\/div>\n\t\t\t\t\t<\/div>\n\t\t\t\t<\/div>\n\t\t\t\t<\/div>","protected":false},"excerpt":{"rendered":"<p>Qui sommes-nous Texte sugg\u00e9r\u00e9 : L\u2019adresse de notre site est : https:\/\/security.gvision.be. Commentaires Texte sugg\u00e9r\u00e9 : Lorsque les visiteurs laissent des commentaires sur le site, nous collectons les donn\u00e9es affich\u00e9es dans le formulaire de commentaires, ainsi que l\u2019adresse IP du visiteur et la cha\u00eene de l\u2019agent utilisateur du navigateur afin de faciliter la d\u00e9tection des<\/p>","protected":false},"author":1,"featured_media":0,"parent":0,"menu_order":0,"comment_status":"closed","ping_status":"closed","template":"","meta":{"footnotes":""},"class_list":["post-3","page","type-page","status-publish","hentry"],"yoast_head":"<!-- This site is optimized with the Yoast SEO plugin v27.4 - https:\/\/yoast.com\/product\/yoast-seo-wordpress\/ -->\n<title>Politique de confidentialit\u00e9 - GVISION<\/title>\n<meta name=\"robots\" content=\"index, follow, max-snippet:-1, max-image-preview:large, max-video-preview:-1\" \/>\n<link rel=\"canonical\" href=\"https:\/\/security.gvision.be\/en\/politique-confiddentialite\/\" \/>\n<meta property=\"og:locale\" content=\"en_GB\" \/>\n<meta property=\"og:type\" content=\"article\" \/>\n<meta property=\"og:title\" content=\"Politique de confidentialit\u00e9 - GVISION\" \/>\n<meta property=\"og:description\" content=\"Qui sommes-nous Texte sugg\u00e9r\u00e9 : L\u2019adresse de notre site est : https:\/\/security.gvision.be. Commentaires Texte sugg\u00e9r\u00e9 : Lorsque les visiteurs laissent des commentaires sur le site, nous collectons les donn\u00e9es affich\u00e9es dans le formulaire de commentaires, ainsi que l\u2019adresse IP du visiteur et la cha\u00eene de l\u2019agent utilisateur du navigateur afin de faciliter la d\u00e9tection des\" \/>\n<meta property=\"og:url\" content=\"https:\/\/security.gvision.be\/en\/politique-confiddentialite\/\" \/>\n<meta property=\"og:site_name\" content=\"GVISION\" \/>\n<meta property=\"article:modified_time\" content=\"2026-04-15T15:33:02+00:00\" \/>\n<meta name=\"twitter:card\" content=\"summary_large_image\" \/>\n<meta name=\"twitter:label1\" content=\"Estimated reading time\" \/>\n\t<meta name=\"twitter:data1\" content=\"4 minutes\" \/>\n<script type=\"application\/ld+json\" class=\"yoast-schema-graph\">{\"@context\":\"https:\\\/\\\/schema.org\",\"@graph\":[{\"@type\":\"WebPage\",\"@id\":\"https:\\\/\\\/security.gvision.be\\\/politique-confiddentialite\\\/\",\"url\":\"https:\\\/\\\/security.gvision.be\\\/politique-confiddentialite\\\/\",\"name\":\"Politique de confidentialit\u00e9 - GVISION\",\"isPartOf\":{\"@id\":\"http:\\\/\\\/security.gvision.be\\\/en\\\/#website\"},\"datePublished\":\"2023-07-31T12:07:24+00:00\",\"dateModified\":\"2026-04-15T15:33:02+00:00\",\"breadcrumb\":{\"@id\":\"https:\\\/\\\/security.gvision.be\\\/politique-confiddentialite\\\/#breadcrumb\"},\"inLanguage\":\"en-GB\",\"potentialAction\":[{\"@type\":\"ReadAction\",\"target\":[\"https:\\\/\\\/security.gvision.be\\\/politique-confiddentialite\\\/\"]}]},{\"@type\":\"BreadcrumbList\",\"@id\":\"https:\\\/\\\/security.gvision.be\\\/politique-confiddentialite\\\/#breadcrumb\",\"itemListElement\":[{\"@type\":\"ListItem\",\"position\":1,\"name\":\"Home\",\"item\":\"https:\\\/\\\/security.gvision.be\\\/\"},{\"@type\":\"ListItem\",\"position\":2,\"name\":\"Politique de confidentialit\u00e9\"}]},{\"@type\":\"WebSite\",\"@id\":\"http:\\\/\\\/security.gvision.be\\\/en\\\/#website\",\"url\":\"http:\\\/\\\/security.gvision.be\\\/en\\\/\",\"name\":\"GVISION\",\"description\":\"Your IT Partner\",\"publisher\":{\"@id\":\"http:\\\/\\\/security.gvision.be\\\/en\\\/#organization\"},\"potentialAction\":[{\"@type\":\"SearchAction\",\"target\":{\"@type\":\"EntryPoint\",\"urlTemplate\":\"http:\\\/\\\/security.gvision.be\\\/en\\\/?s={search_term_string}\"},\"query-input\":{\"@type\":\"PropertyValueSpecification\",\"valueRequired\":true,\"valueName\":\"search_term_string\"}}],\"inLanguage\":\"en-GB\"},{\"@type\":\"Organization\",\"@id\":\"http:\\\/\\\/security.gvision.be\\\/en\\\/#organization\",\"name\":\"GVISION\",\"url\":\"http:\\\/\\\/security.gvision.be\\\/en\\\/\",\"logo\":{\"@type\":\"ImageObject\",\"inLanguage\":\"en-GB\",\"@id\":\"http:\\\/\\\/security.gvision.be\\\/en\\\/#\\\/schema\\\/logo\\\/image\\\/\",\"url\":\"http:\\\/\\\/security.gvision.be\\\/wp-content\\\/uploads\\\/2023\\\/09\\\/cropped-site-logo.png\",\"contentUrl\":\"http:\\\/\\\/security.gvision.be\\\/wp-content\\\/uploads\\\/2023\\\/09\\\/cropped-site-logo.png\",\"width\":512,\"height\":512,\"caption\":\"GVISION\"},\"image\":{\"@id\":\"http:\\\/\\\/security.gvision.be\\\/en\\\/#\\\/schema\\\/logo\\\/image\\\/\"}}]}<\/script>\n<!-- \/ Yoast SEO plugin. -->","yoast_head_json":{"title":"Politique de confidentialit\u00e9 - GVISION","robots":{"index":"index","follow":"follow","max-snippet":"max-snippet:-1","max-image-preview":"max-image-preview:large","max-video-preview":"max-video-preview:-1"},"canonical":"https:\/\/security.gvision.be\/en\/politique-confiddentialite\/","og_locale":"en_GB","og_type":"article","og_title":"Politique de confidentialit\u00e9 - GVISION","og_description":"Qui sommes-nous Texte sugg\u00e9r\u00e9 : L\u2019adresse de notre site est : https:\/\/security.gvision.be. Commentaires Texte sugg\u00e9r\u00e9 : Lorsque les visiteurs laissent des commentaires sur le site, nous collectons les donn\u00e9es affich\u00e9es dans le formulaire de commentaires, ainsi que l\u2019adresse IP du visiteur et la cha\u00eene de l\u2019agent utilisateur du navigateur afin de faciliter la d\u00e9tection des","og_url":"https:\/\/security.gvision.be\/en\/politique-confiddentialite\/","og_site_name":"GVISION","article_modified_time":"2026-04-15T15:33:02+00:00","twitter_card":"summary_large_image","twitter_misc":{"Estimated reading time":"4 minutes"},"schema":{"@context":"https:\/\/schema.org","@graph":[{"@type":"WebPage","@id":"https:\/\/security.gvision.be\/politique-confiddentialite\/","url":"https:\/\/security.gvision.be\/politique-confiddentialite\/","name":"Politique de confidentialit\u00e9 - GVISION","isPartOf":{"@id":"http:\/\/security.gvision.be\/en\/#website"},"datePublished":"2023-07-31T12:07:24+00:00","dateModified":"2026-04-15T15:33:02+00:00","breadcrumb":{"@id":"https:\/\/security.gvision.be\/politique-confiddentialite\/#breadcrumb"},"inLanguage":"en-GB","potentialAction":[{"@type":"ReadAction","target":["https:\/\/security.gvision.be\/politique-confiddentialite\/"]}]},{"@type":"BreadcrumbList","@id":"https:\/\/security.gvision.be\/politique-confiddentialite\/#breadcrumb","itemListElement":[{"@type":"ListItem","position":1,"name":"Home","item":"https:\/\/security.gvision.be\/"},{"@type":"ListItem","position":2,"name":"Politique de confidentialit\u00e9"}]},{"@type":"WebSite","@id":"http:\/\/security.gvision.be\/en\/#website","url":"http:\/\/security.gvision.be\/en\/","name":"GVISION","description":"Your IT Partner","publisher":{"@id":"http:\/\/security.gvision.be\/en\/#organization"},"potentialAction":[{"@type":"SearchAction","target":{"@type":"EntryPoint","urlTemplate":"http:\/\/security.gvision.be\/en\/?s={search_term_string}"},"query-input":{"@type":"PropertyValueSpecification","valueRequired":true,"valueName":"search_term_string"}}],"inLanguage":"en-GB"},{"@type":"Organization","@id":"http:\/\/security.gvision.be\/en\/#organization","name":"GVISION","url":"http:\/\/security.gvision.be\/en\/","logo":{"@type":"ImageObject","inLanguage":"en-GB","@id":"http:\/\/security.gvision.be\/en\/#\/schema\/logo\/image\/","url":"http:\/\/security.gvision.be\/wp-content\/uploads\/2023\/09\/cropped-site-logo.png","contentUrl":"http:\/\/security.gvision.be\/wp-content\/uploads\/2023\/09\/cropped-site-logo.png","width":512,"height":512,"caption":"GVISION"},"image":{"@id":"http:\/\/security.gvision.be\/en\/#\/schema\/logo\/image\/"}}]}},"_links":{"self":[{"href":"https:\/\/security.gvision.be\/en\/wp-json\/wp\/v2\/pages\/3","targetHints":{"allow":["GET"]}}],"collection":[{"href":"https:\/\/security.gvision.be\/en\/wp-json\/wp\/v2\/pages"}],"about":[{"href":"https:\/\/security.gvision.be\/en\/wp-json\/wp\/v2\/types\/page"}],"author":[{"embeddable":true,"href":"https:\/\/security.gvision.be\/en\/wp-json\/wp\/v2\/users\/1"}],"replies":[{"embeddable":true,"href":"https:\/\/security.gvision.be\/en\/wp-json\/wp\/v2\/comments?post=3"}],"version-history":[{"count":9,"href":"https:\/\/security.gvision.be\/en\/wp-json\/wp\/v2\/pages\/3\/revisions"}],"predecessor-version":[{"id":23353,"href":"https:\/\/security.gvision.be\/en\/wp-json\/wp\/v2\/pages\/3\/revisions\/23353"}],"wp:attachment":[{"href":"https:\/\/security.gvision.be\/en\/wp-json\/wp\/v2\/media?parent=3"}],"curies":[{"name":"wp","href":"https:\/\/api.w.org\/{rel}","templated":true}]}}