{"id":3,"date":"2023-07-31T12:07:24","date_gmt":"2023-07-31T12:07:24","guid":{"rendered":"https:\/\/security.gvision.be\/?page_id=3"},"modified":"2026-04-15T15:33:02","modified_gmt":"2026-04-15T15:33:02","slug":"politique-confiddentialite","status":"publish","type":"page","link":"https:\/\/security.gvision.be\/nl\/politique-confiddentialite\/","title":{"rendered":"Privacybeleid"},"content":{"rendered":"<div data-elementor-type=\"wp-page\" data-elementor-id=\"3\" class=\"elementor elementor-3\" data-elementor-post-type=\"page\">\n\t\t\t\t<div class=\"elementor-element elementor-element-6e2d6fa0 e-flex e-con-boxed e-con e-parent\" data-id=\"6e2d6fa0\" data-element_type=\"container\" data-e-type=\"container\">\n\t\t\t\t\t<div class=\"e-con-inner\">\n\t\t\t\t<div class=\"elementor-element elementor-element-20770ae9 elementor-widget elementor-widget-text-editor\" data-id=\"20770ae9\" data-element_type=\"widget\" data-e-type=\"widget\" data-widget_type=\"text-editor.default\">\n\t\t\t\t<div class=\"elementor-widget-container\">\n\t\t\t\t\t\t\t\t\t\n<h2 class=\"wp-block-heading\" data-section-id=\"69x8q0\" data-start=\"0\" data-end=\"20\">Qui sommes-nous<\/h2>\n<p data-start=\"21\" data-end=\"95\" class=\"translation-block\">Voorgestelde tekst: Het adres van onze website is: [https:\/\/security.gvision.be](https:\/\/security.gvision.be).<\/p>\n<hr data-start=\"97\" data-end=\"100\" \/>\n<h2 data-section-id=\"1i2brwa\" data-start=\"102\" data-end=\"119\">Commentaires<\/h2>\n<p data-start=\"120\" data-end=\"397\">Texte sugg\u00e9r\u00e9 : Lorsque les visiteurs laissent des commentaires sur le site, nous collectons les donn\u00e9es affich\u00e9es dans le formulaire de commentaires, ainsi que l\u2019adresse IP du visiteur et la cha\u00eene de l\u2019agent utilisateur du navigateur afin de faciliter la d\u00e9tection des spams.<\/p>\n<p data-start=\"399\" data-end=\"782\" class=\"translation-block\">Een geanonimiseerde string die is aangemaakt op basis van uw e-mailadres (ook wel hash genoemd) kan worden verstrekt aan de Gravatar-service om te controleren of u deze gebruikt. Het privacybeleid van Gravatar is hier beschikbaar: [https:\/\/automattic.com\/privacy\/](https:\/\/automattic.com\/privacy\/). Na goedkeuring van uw reactie is uw profielfoto publiek zichtbaar in de context van uw reactie.<\/p>\n<hr data-start=\"784\" data-end=\"787\" \/>\n<h2 data-section-id=\"1gbgk0u\" data-start=\"789\" data-end=\"800\">M\u00e9dias<\/h2>\n<p data-start=\"801\" data-end=\"1049\">Texte sugg\u00e9r\u00e9 : Si vous t\u00e9l\u00e9versez des images sur le site, vous devez \u00e9viter d\u2019y inclure des donn\u00e9es de localisation int\u00e9gr\u00e9es (EXIF GPS). Les visiteurs du site peuvent t\u00e9l\u00e9charger et extraire les donn\u00e9es de localisation depuis les images publi\u00e9es.<\/p>\n<hr data-start=\"1051\" data-end=\"1054\" \/>\n<h2 data-section-id=\"maq2b6\" data-start=\"1056\" data-end=\"1068\">Cookies<\/h2>\n<p data-start=\"1069\" data-end=\"1394\">Texte sugg\u00e9r\u00e9 : Si vous laissez un commentaire sur notre site, vous pouvez choisir d\u2019enregistrer votre nom, votre adresse e-mail et votre site web dans des cookies. Ceux-ci sont utilis\u00e9s pour votre confort afin de ne pas avoir \u00e0 ressaisir vos informations lors d\u2019un prochain commentaire. Ces cookies expirent au bout d\u2019un an.<\/p>\n<p data-start=\"1396\" data-end=\"1619\">Si vous visitez notre page de connexion, un cookie temporaire sera cr\u00e9\u00e9 afin de v\u00e9rifier si votre navigateur accepte les cookies. Ce cookie ne contient aucune donn\u00e9e personnelle et est supprim\u00e9 \u00e0 la fermeture du navigateur.<\/p>\n<p data-start=\"1621\" data-end=\"2006\">Lorsque vous vous connectez, plusieurs cookies seront cr\u00e9\u00e9s pour enregistrer vos informations de connexion et vos pr\u00e9f\u00e9rences d\u2019affichage. Les cookies de connexion durent deux jours, et ceux des options d\u2019\u00e9cran un an. Si vous s\u00e9lectionnez \u00ab Se souvenir de moi \u00bb, votre connexion sera maintenue pendant deux semaines. Si vous vous d\u00e9connectez, les cookies de connexion seront supprim\u00e9s.<\/p>\n<p data-start=\"2008\" data-end=\"2254\">Si vous modifiez ou publiez un article, un cookie suppl\u00e9mentaire sera enregistr\u00e9 dans votre navigateur. Il ne contient aucune donn\u00e9e personnelle et indique simplement l\u2019identifiant de l\u2019article que vous venez de modifier. Il expire apr\u00e8s un jour.<\/p>\n<hr data-start=\"2256\" data-end=\"2259\" \/>\n<h2 data-section-id=\"u276fo\" data-start=\"2261\" data-end=\"2303\">Contenu int\u00e9gr\u00e9 depuis d\u2019autres sites<\/h2>\n<p data-start=\"2304\" data-end=\"2555\">Texte sugg\u00e9r\u00e9 : Les articles de ce site peuvent inclure du contenu int\u00e9gr\u00e9 (par exemple : vid\u00e9os, images, articles, etc.). Le contenu int\u00e9gr\u00e9 depuis d\u2019autres sites se comporte exactement de la m\u00eame mani\u00e8re que si le visiteur visitait ces autres sites.<\/p>\n<p data-start=\"2557\" data-end=\"2793\">Ces sites peuvent collecter des donn\u00e9es vous concernant, utiliser des cookies, int\u00e9grer des outils de suivi tiers et surveiller vos interactions avec ce contenu int\u00e9gr\u00e9, notamment si vous poss\u00e9dez un compte et \u00eates connect\u00e9 \u00e0 ces sites.<\/p>\n<hr data-start=\"2795\" data-end=\"2798\" \/>\n<h2 data-section-id=\"1ldhx0u\" data-start=\"2800\" data-end=\"2827\">Partage de vos donn\u00e9es<\/h2>\n<p data-start=\"2828\" data-end=\"2963\">Texte sugg\u00e9r\u00e9 : Si vous demandez une r\u00e9initialisation de mot de passe, votre adresse IP sera incluse dans l\u2019e-mail de r\u00e9initialisation.<\/p>\n<hr data-start=\"2965\" data-end=\"2968\" \/>\n<h2 data-section-id=\"1kmwm1\" data-start=\"2970\" data-end=\"3011\">Dur\u00e9e de conservation de vos donn\u00e9es<\/h2>\n<p data-start=\"3012\" data-end=\"3243\">Texte sugg\u00e9r\u00e9 : Si vous laissez un commentaire, celui-ci et ses m\u00e9tadonn\u00e9es sont conserv\u00e9s ind\u00e9finiment. Cela permet de reconna\u00eetre et approuver automatiquement les commentaires suivants au lieu de les placer en file de mod\u00e9ration.<\/p>\n<p data-start=\"3245\" data-end=\"3615\">Pour les utilisateurs inscrits sur notre site (le cas \u00e9ch\u00e9ant), nous stockons \u00e9galement les informations personnelles qu\u2019ils fournissent dans leur profil. Tous les utilisateurs peuvent voir, modifier ou supprimer leurs informations personnelles \u00e0 tout moment (sauf leur nom d\u2019utilisateur). Les administrateurs du site peuvent \u00e9galement voir et modifier ces informations.<\/p>\n<hr data-start=\"3617\" data-end=\"3620\" \/>\n<h2 data-section-id=\"16q576a\" data-start=\"3622\" data-end=\"3653\">Vos droits sur vos donn\u00e9es<\/h2>\n<p data-start=\"3654\" data-end=\"4102\">Texte sugg\u00e9r\u00e9 : Si vous avez un compte sur ce site ou si vous avez laiss\u00e9 des commentaires, vous pouvez demander \u00e0 recevoir un fichier export\u00e9 contenant les donn\u00e9es personnelles que nous d\u00e9tenons \u00e0 votre sujet, y compris celles que vous nous avez fournies. Vous pouvez \u00e9galement demander la suppression de vos donn\u00e9es personnelles. Cela n\u2019inclut pas les donn\u00e9es que nous sommes tenus de conserver \u00e0 des fins administratives, l\u00e9gales ou de s\u00e9curit\u00e9.<\/p>\n<hr data-start=\"4104\" data-end=\"4107\" \/>\n<h2 data-section-id=\"1suixb3\" data-start=\"4109\" data-end=\"4142\">O\u00f9 vos donn\u00e9es sont envoy\u00e9es<\/h2>\n<p data-start=\"4143\" data-end=\"4268\" data-is-last-node=\"\" data-is-only-node=\"\">Texte sugg\u00e9r\u00e9 : Les commentaires des visiteurs peuvent \u00eatre v\u00e9rifi\u00e9s \u00e0 l\u2019aide d\u2019un service automatis\u00e9 de d\u00e9tection des spams.<\/p>\n\t\t\t\t\t\t\t\t<\/div>\n\t\t\t\t<\/div>\n\t\t\t\t\t<\/div>\n\t\t\t\t<\/div>\n\t\t\t\t<\/div>","protected":false},"excerpt":{"rendered":"<p>Qui sommes-nous Texte sugg\u00e9r\u00e9 : L\u2019adresse de notre site est : https:\/\/security.gvision.be. Commentaires Texte sugg\u00e9r\u00e9 : Lorsque les visiteurs laissent des commentaires sur le site, nous collectons les donn\u00e9es affich\u00e9es dans le formulaire de commentaires, ainsi que l\u2019adresse IP du visiteur et la cha\u00eene de l\u2019agent utilisateur du navigateur afin de faciliter la d\u00e9tection des<\/p>","protected":false},"author":1,"featured_media":0,"parent":0,"menu_order":0,"comment_status":"closed","ping_status":"closed","template":"","meta":{"footnotes":""},"class_list":["post-3","page","type-page","status-publish","hentry"],"yoast_head":"<!-- This site is optimized with the Yoast SEO plugin v27.4 - https:\/\/yoast.com\/product\/yoast-seo-wordpress\/ -->\n<title>Politique de confidentialit\u00e9 - GVISION<\/title>\n<meta name=\"robots\" content=\"index, follow, max-snippet:-1, max-image-preview:large, max-video-preview:-1\" \/>\n<link rel=\"canonical\" href=\"https:\/\/security.gvision.be\/nl\/politique-confiddentialite\/\" \/>\n<meta property=\"og:locale\" content=\"nl_NL\" \/>\n<meta property=\"og:type\" content=\"article\" \/>\n<meta property=\"og:title\" content=\"Politique de confidentialit\u00e9 - GVISION\" \/>\n<meta property=\"og:description\" content=\"Qui sommes-nous Texte sugg\u00e9r\u00e9 : L\u2019adresse de notre site est : https:\/\/security.gvision.be. Commentaires Texte sugg\u00e9r\u00e9 : Lorsque les visiteurs laissent des commentaires sur le site, nous collectons les donn\u00e9es affich\u00e9es dans le formulaire de commentaires, ainsi que l\u2019adresse IP du visiteur et la cha\u00eene de l\u2019agent utilisateur du navigateur afin de faciliter la d\u00e9tection des\" \/>\n<meta property=\"og:url\" content=\"https:\/\/security.gvision.be\/nl\/politique-confiddentialite\/\" \/>\n<meta property=\"og:site_name\" content=\"GVISION\" \/>\n<meta property=\"article:modified_time\" content=\"2026-04-15T15:33:02+00:00\" \/>\n<meta name=\"twitter:card\" content=\"summary_large_image\" \/>\n<meta name=\"twitter:label1\" content=\"Geschatte leestijd\" \/>\n\t<meta name=\"twitter:data1\" content=\"4 minuten\" \/>\n<script type=\"application\/ld+json\" class=\"yoast-schema-graph\">{\"@context\":\"https:\\\/\\\/schema.org\",\"@graph\":[{\"@type\":\"WebPage\",\"@id\":\"https:\\\/\\\/security.gvision.be\\\/politique-confiddentialite\\\/\",\"url\":\"https:\\\/\\\/security.gvision.be\\\/politique-confiddentialite\\\/\",\"name\":\"Politique de confidentialit\u00e9 - GVISION\",\"isPartOf\":{\"@id\":\"http:\\\/\\\/security.gvision.be\\\/en\\\/#website\"},\"datePublished\":\"2023-07-31T12:07:24+00:00\",\"dateModified\":\"2026-04-15T15:33:02+00:00\",\"breadcrumb\":{\"@id\":\"https:\\\/\\\/security.gvision.be\\\/politique-confiddentialite\\\/#breadcrumb\"},\"inLanguage\":\"nl-NL\",\"potentialAction\":[{\"@type\":\"ReadAction\",\"target\":[\"https:\\\/\\\/security.gvision.be\\\/politique-confiddentialite\\\/\"]}]},{\"@type\":\"BreadcrumbList\",\"@id\":\"https:\\\/\\\/security.gvision.be\\\/politique-confiddentialite\\\/#breadcrumb\",\"itemListElement\":[{\"@type\":\"ListItem\",\"position\":1,\"name\":\"Home\",\"item\":\"https:\\\/\\\/security.gvision.be\\\/\"},{\"@type\":\"ListItem\",\"position\":2,\"name\":\"Politique de confidentialit\u00e9\"}]},{\"@type\":\"WebSite\",\"@id\":\"http:\\\/\\\/security.gvision.be\\\/en\\\/#website\",\"url\":\"http:\\\/\\\/security.gvision.be\\\/en\\\/\",\"name\":\"GVISION\",\"description\":\"Your IT Partner\",\"publisher\":{\"@id\":\"http:\\\/\\\/security.gvision.be\\\/en\\\/#organization\"},\"potentialAction\":[{\"@type\":\"SearchAction\",\"target\":{\"@type\":\"EntryPoint\",\"urlTemplate\":\"http:\\\/\\\/security.gvision.be\\\/en\\\/?s={search_term_string}\"},\"query-input\":{\"@type\":\"PropertyValueSpecification\",\"valueRequired\":true,\"valueName\":\"search_term_string\"}}],\"inLanguage\":\"nl-NL\"},{\"@type\":\"Organization\",\"@id\":\"http:\\\/\\\/security.gvision.be\\\/en\\\/#organization\",\"name\":\"GVISION\",\"url\":\"http:\\\/\\\/security.gvision.be\\\/en\\\/\",\"logo\":{\"@type\":\"ImageObject\",\"inLanguage\":\"nl-NL\",\"@id\":\"http:\\\/\\\/security.gvision.be\\\/en\\\/#\\\/schema\\\/logo\\\/image\\\/\",\"url\":\"http:\\\/\\\/security.gvision.be\\\/wp-content\\\/uploads\\\/2023\\\/09\\\/cropped-site-logo.png\",\"contentUrl\":\"http:\\\/\\\/security.gvision.be\\\/wp-content\\\/uploads\\\/2023\\\/09\\\/cropped-site-logo.png\",\"width\":512,\"height\":512,\"caption\":\"GVISION\"},\"image\":{\"@id\":\"http:\\\/\\\/security.gvision.be\\\/en\\\/#\\\/schema\\\/logo\\\/image\\\/\"}}]}<\/script>\n<!-- \/ Yoast SEO plugin. -->","yoast_head_json":{"title":"Politique de confidentialit\u00e9 - GVISION","robots":{"index":"index","follow":"follow","max-snippet":"max-snippet:-1","max-image-preview":"max-image-preview:large","max-video-preview":"max-video-preview:-1"},"canonical":"https:\/\/security.gvision.be\/nl\/politique-confiddentialite\/","og_locale":"nl_NL","og_type":"article","og_title":"Politique de confidentialit\u00e9 - GVISION","og_description":"Qui sommes-nous Texte sugg\u00e9r\u00e9 : L\u2019adresse de notre site est : https:\/\/security.gvision.be. Commentaires Texte sugg\u00e9r\u00e9 : Lorsque les visiteurs laissent des commentaires sur le site, nous collectons les donn\u00e9es affich\u00e9es dans le formulaire de commentaires, ainsi que l\u2019adresse IP du visiteur et la cha\u00eene de l\u2019agent utilisateur du navigateur afin de faciliter la d\u00e9tection des","og_url":"https:\/\/security.gvision.be\/nl\/politique-confiddentialite\/","og_site_name":"GVISION","article_modified_time":"2026-04-15T15:33:02+00:00","twitter_card":"summary_large_image","twitter_misc":{"Geschatte leestijd":"4 minuten"},"schema":{"@context":"https:\/\/schema.org","@graph":[{"@type":"WebPage","@id":"https:\/\/security.gvision.be\/politique-confiddentialite\/","url":"https:\/\/security.gvision.be\/politique-confiddentialite\/","name":"Politique de confidentialit\u00e9 - GVISION","isPartOf":{"@id":"http:\/\/security.gvision.be\/en\/#website"},"datePublished":"2023-07-31T12:07:24+00:00","dateModified":"2026-04-15T15:33:02+00:00","breadcrumb":{"@id":"https:\/\/security.gvision.be\/politique-confiddentialite\/#breadcrumb"},"inLanguage":"nl-NL","potentialAction":[{"@type":"ReadAction","target":["https:\/\/security.gvision.be\/politique-confiddentialite\/"]}]},{"@type":"BreadcrumbList","@id":"https:\/\/security.gvision.be\/politique-confiddentialite\/#breadcrumb","itemListElement":[{"@type":"ListItem","position":1,"name":"Home","item":"https:\/\/security.gvision.be\/"},{"@type":"ListItem","position":2,"name":"Politique de confidentialit\u00e9"}]},{"@type":"WebSite","@id":"http:\/\/security.gvision.be\/en\/#website","url":"http:\/\/security.gvision.be\/en\/","name":"GVISION","description":"\u201cNationaal programma ondersteunt de brandweer\u201d \u2014 GVISION","publisher":{"@id":"http:\/\/security.gvision.be\/en\/#organization"},"potentialAction":[{"@type":"SearchAction","target":{"@type":"EntryPoint","urlTemplate":"http:\/\/security.gvision.be\/en\/?s={search_term_string}"},"query-input":{"@type":"PropertyValueSpecification","valueRequired":true,"valueName":"search_term_string"}}],"inLanguage":"nl-NL"},{"@type":"Organization","@id":"http:\/\/security.gvision.be\/en\/#organization","name":"GVISION","url":"http:\/\/security.gvision.be\/en\/","logo":{"@type":"ImageObject","inLanguage":"nl-NL","@id":"http:\/\/security.gvision.be\/en\/#\/schema\/logo\/image\/","url":"http:\/\/security.gvision.be\/wp-content\/uploads\/2023\/09\/cropped-site-logo.png","contentUrl":"http:\/\/security.gvision.be\/wp-content\/uploads\/2023\/09\/cropped-site-logo.png","width":512,"height":512,"caption":"GVISION"},"image":{"@id":"http:\/\/security.gvision.be\/en\/#\/schema\/logo\/image\/"}}]}},"_links":{"self":[{"href":"https:\/\/security.gvision.be\/nl\/wp-json\/wp\/v2\/pages\/3","targetHints":{"allow":["GET"]}}],"collection":[{"href":"https:\/\/security.gvision.be\/nl\/wp-json\/wp\/v2\/pages"}],"about":[{"href":"https:\/\/security.gvision.be\/nl\/wp-json\/wp\/v2\/types\/page"}],"author":[{"embeddable":true,"href":"https:\/\/security.gvision.be\/nl\/wp-json\/wp\/v2\/users\/1"}],"replies":[{"embeddable":true,"href":"https:\/\/security.gvision.be\/nl\/wp-json\/wp\/v2\/comments?post=3"}],"version-history":[{"count":9,"href":"https:\/\/security.gvision.be\/nl\/wp-json\/wp\/v2\/pages\/3\/revisions"}],"predecessor-version":[{"id":23353,"href":"https:\/\/security.gvision.be\/nl\/wp-json\/wp\/v2\/pages\/3\/revisions\/23353"}],"wp:attachment":[{"href":"https:\/\/security.gvision.be\/nl\/wp-json\/wp\/v2\/media?parent=3"}],"curies":[{"name":"wp","href":"https:\/\/api.w.org\/{rel}","templated":true}]}}